{"id":206,"date":"2022-02-10T18:14:41","date_gmt":"2022-02-10T18:14:41","guid":{"rendered":"http:\/\/127.0.0.1\/wordpress\/?page_id=206"},"modified":"2022-04-17T19:52:42","modified_gmt":"2022-04-17T18:52:42","slug":"ribarstvo","status":"publish","type":"page","link":"https:\/\/mikrobiologija.vet.bg.ac.rs\/index.php\/ribarstvo\/","title":{"rendered":"Ribarstvo"},"content":{"rendered":"\t\t<div data-elementor-type=\"wp-page\" data-elementor-id=\"206\" class=\"elementor elementor-206\">\n\t\t\t\t\t\t\t\t\t<header class=\"elementor-section elementor-top-section elementor-element elementor-element-37da3c49 elementor-section-boxed elementor-section-height-default elementor-section-height-default elementor-invisible\" data-id=\"37da3c49\" data-element_type=\"section\" data-settings=\"{&quot;background_background&quot;:&quot;classic&quot;,&quot;animation&quot;:&quot;fadeIn&quot;,&quot;animation_delay&quot;:50}\">\n\t\t\t\t\t\t\t<div class=\"elementor-background-overlay\"><\/div>\n\t\t\t\t\t\t\t<div class=\"elementor-container elementor-column-gap-default\">\n\t\t\t\t\t<div class=\"elementor-column elementor-col-100 elementor-top-column elementor-element elementor-element-13d66d72\" data-id=\"13d66d72\" data-element_type=\"column\">\n\t\t\t<div class=\"elementor-widget-wrap elementor-element-populated\">\n\t\t\t\t\t\t\t\t<section class=\"elementor-section elementor-inner-section elementor-element elementor-element-3f21a58d elementor-section-content-bottom elementor-section-boxed elementor-section-height-default elementor-section-height-default\" data-id=\"3f21a58d\" data-element_type=\"section\">\n\t\t\t\t\t\t<div class=\"elementor-container elementor-column-gap-default\">\n\t\t\t\t\t<div class=\"elementor-column elementor-col-100 elementor-inner-column elementor-element elementor-element-539bf77d\" data-id=\"539bf77d\" data-element_type=\"column\">\n\t\t\t<div class=\"elementor-widget-wrap elementor-element-populated\">\n\t\t\t\t\t\t\t\t<div class=\"elementor-element elementor-element-306db08f elementor-invisible elementor-widget elementor-widget-heading\" data-id=\"306db08f\" data-element_type=\"widget\" data-settings=\"{&quot;_animation&quot;:&quot;fadeIn&quot;,&quot;_animation_delay&quot;:100}\" data-widget_type=\"heading.default\">\n\t\t\t\t<div class=\"elementor-widget-container\">\n\t\t\t<style>\/*! elementor - v3.6.0 - 21-03-2022 *\/\n.elementor-heading-title{padding:0;margin:0;line-height:1}.elementor-widget-heading .elementor-heading-title[class*=elementor-size-]>a{color:inherit;font-size:inherit;line-height:inherit}.elementor-widget-heading .elementor-heading-title.elementor-size-small{font-size:15px}.elementor-widget-heading .elementor-heading-title.elementor-size-medium{font-size:19px}.elementor-widget-heading .elementor-heading-title.elementor-size-large{font-size:29px}.elementor-widget-heading .elementor-heading-title.elementor-size-xl{font-size:39px}.elementor-widget-heading .elementor-heading-title.elementor-size-xxl{font-size:59px}<\/style><h1 class=\"elementor-heading-title elementor-size-default\"><br><br><br><br><br>Ribarstvo<\/h1>\t\t<\/div>\n\t\t\t\t<\/div>\n\t\t\t\t\t<\/div>\n\t\t<\/div>\n\t\t\t\t\t\t\t<\/div>\n\t\t<\/section>\n\t\t\t\t\t<\/div>\n\t\t<\/div>\n\t\t\t\t\t\t\t<\/div>\n\t\t<\/header>\n\t\t\t\t<section class=\"elementor-section elementor-top-section elementor-element elementor-element-68ac5c7 elementor-section-boxed elementor-section-height-default elementor-section-height-default\" data-id=\"68ac5c7\" data-element_type=\"section\">\n\t\t\t\t\t\t<div class=\"elementor-container elementor-column-gap-default\">\n\t\t\t\t\t<div class=\"elementor-column elementor-col-100 elementor-top-column elementor-element elementor-element-e706e7a\" data-id=\"e706e7a\" data-element_type=\"column\">\n\t\t\t<div class=\"elementor-widget-wrap elementor-element-populated\">\n\t\t\t\t\t\t\t\t<section class=\"elementor-section elementor-inner-section elementor-element elementor-element-6827ba1 elementor-section-boxed elementor-section-height-default elementor-section-height-default\" data-id=\"6827ba1\" data-element_type=\"section\">\n\t\t\t\t\t\t<div class=\"elementor-container elementor-column-gap-default\">\n\t\t\t\t\t<div class=\"elementor-column elementor-col-50 elementor-inner-column elementor-element elementor-element-cc68671\" data-id=\"cc68671\" data-element_type=\"column\">\n\t\t\t<div class=\"elementor-widget-wrap elementor-element-populated\">\n\t\t\t\t\t\t\t\t<div class=\"elementor-element elementor-element-7bbe540 elementor-widget elementor-widget-heading\" data-id=\"7bbe540\" data-element_type=\"widget\" data-widget_type=\"heading.default\">\n\t\t\t\t<div class=\"elementor-widget-container\">\n\t\t\t<h2 class=\"elementor-heading-title elementor-size-default\">Program predmeta<\/h2>\t\t<\/div>\n\t\t\t\t<\/div>\n\t\t\t\t<div class=\"elementor-element elementor-element-747d265 elementor-widget elementor-widget-heading\" data-id=\"747d265\" data-element_type=\"widget\" data-widget_type=\"heading.default\">\n\t\t\t\t<div class=\"elementor-widget-container\">\n\t\t\t<h4 class=\"elementor-heading-title elementor-size-default\"><a href=\"\/\/mikrobiologija.vet.bg.ac.rs\/wp-content\/uploads\/2022\/04\/Ribarstvo-Tabela_5.2_Specifikacija_predmeta_IMAS.pdf\" target=\"_blank\">Preuzmi program <\/a><\/h4>\t\t<\/div>\n\t\t\t\t<\/div>\n\t\t\t\t<div class=\"elementor-element elementor-element-3fea6b9 elementor-widget elementor-widget-heading\" data-id=\"3fea6b9\" data-element_type=\"widget\" data-widget_type=\"heading.default\">\n\t\t\t\t<div class=\"elementor-widget-container\">\n\t\t\t<h2 class=\"elementor-heading-title elementor-size-default\">Raspored predavanja i ve\u017ebi<\/h2>\t\t<\/div>\n\t\t\t\t<\/div>\n\t\t\t\t<div class=\"elementor-element elementor-element-e13e03e elementor-widget elementor-widget-heading\" data-id=\"e13e03e\" data-element_type=\"widget\" data-widget_type=\"heading.default\">\n\t\t\t\t<div class=\"elementor-widget-container\">\n\t\t\t<h4 class=\"elementor-heading-title elementor-size-default\"><a href=\"\/\/mikrobiologija.vet.bg.ac.rs\/wp-content\/uploads\/2022\/04\/Ribarstvo-Raspored-predavanja-i-vezbi.pdf\" target=\"_blank\">Preuzmi raspored predavanja i ve\u017ebi<\/a><\/h4>\t\t<\/div>\n\t\t\t\t<\/div>\n\t\t\t\t<div class=\"elementor-element elementor-element-cfa72b0 elementor-widget elementor-widget-heading\" data-id=\"cfa72b0\" data-element_type=\"widget\" data-widget_type=\"heading.default\">\n\t\t\t\t<div class=\"elementor-widget-container\">\n\t\t\t<h2 class=\"elementor-heading-title elementor-size-default\">Teme za seminarske radove<\/h2>\t\t<\/div>\n\t\t\t\t<\/div>\n\t\t\t\t<div class=\"elementor-element elementor-element-98bfa64 elementor-widget elementor-widget-heading\" data-id=\"98bfa64\" data-element_type=\"widget\" data-widget_type=\"heading.default\">\n\t\t\t\t<div class=\"elementor-widget-container\">\n\t\t\t<h4 class=\"elementor-heading-title elementor-size-default\"><a href=\"\/\/mikrobiologija.vet.bg.ac.rs\/wp-content\/uploads\/2022\/04\/\u0420\u0418\u0411\u0410\u0420\u0421\u0422\u0412\u041e-\u0422\u0415\u041c\u0415-\u0417\u0410-\u0421\u0415\u041c\u0418\u041d\u0410\u0420\u0421\u041a\u0415-\u0420\u0410\u0414\u041e\u0412\u0415-2022.pdf\" target=\"_blank\">Preuzmi teme<\/a><\/h4>\t\t<\/div>\n\t\t\t\t<\/div>\n\t\t\t\t<div class=\"elementor-element elementor-element-b2f1ba5 elementor-widget elementor-widget-heading\" data-id=\"b2f1ba5\" data-element_type=\"widget\" data-widget_type=\"heading.default\">\n\t\t\t\t<div class=\"elementor-widget-container\">\n\t\t\t<h2 class=\"elementor-heading-title elementor-size-default\">Na\u010din polaganja ispita<\/h2>\t\t<\/div>\n\t\t\t\t<\/div>\n\t\t\t\t<div class=\"elementor-element elementor-element-be6d2ca elementor-widget elementor-widget-heading\" data-id=\"be6d2ca\" data-element_type=\"widget\" data-widget_type=\"heading.default\">\n\t\t\t\t<div class=\"elementor-widget-container\">\n\t\t\t<h4 class=\"elementor-heading-title elementor-size-default\"><a href=\"\/\/mikrobiologija.vet.bg.ac.rs\/wp-content\/uploads\/2022\/04\/Ribarstvo-Nacin-polaganja-ispita.pdf\" target=\"_blank\">Preuzmi na\u010din polaganja ispita<br><br><br><br><\/a><\/h4>\t\t<\/div>\n\t\t\t\t<\/div>\n\t\t\t\t\t<\/div>\n\t\t<\/div>\n\t\t\t\t<div class=\"elementor-column elementor-col-50 elementor-inner-column elementor-element elementor-element-0b0a7d5\" data-id=\"0b0a7d5\" data-element_type=\"column\">\n\t\t\t<div class=\"elementor-widget-wrap\">\n\t\t\t\t\t\t\t\t\t<\/div>\n\t\t<\/div>\n\t\t\t\t\t\t\t<\/div>\n\t\t<\/section>\n\t\t\t\t\t<\/div>\n\t\t<\/div>\n\t\t\t\t\t\t\t<\/div>\n\t\t<\/section>\n\t\t\t\t\t\t\t<\/div>\n\t\t","protected":false},"excerpt":{"rendered":"<p>Ribarstvo Program predmeta Preuzmi program Raspored predavanja i ve\u017ebi Preuzmi raspored predavanja i ve\u017ebi Teme za seminarske radove Preuzmi teme Na\u010din polaganja ispita Preuzmi na\u010din polaganja ispita<\/p>\n","protected":false},"author":2,"featured_media":0,"parent":0,"menu_order":0,"comment_status":"closed","ping_status":"closed","template":"elementor_header_footer","meta":{"footnotes":""},"_links":{"self":[{"href":"https:\/\/mikrobiologija.vet.bg.ac.rs\/index.php\/wp-json\/wp\/v2\/pages\/206"}],"collection":[{"href":"https:\/\/mikrobiologija.vet.bg.ac.rs\/index.php\/wp-json\/wp\/v2\/pages"}],"about":[{"href":"https:\/\/mikrobiologija.vet.bg.ac.rs\/index.php\/wp-json\/wp\/v2\/types\/page"}],"author":[{"embeddable":true,"href":"https:\/\/mikrobiologija.vet.bg.ac.rs\/index.php\/wp-json\/wp\/v2\/users\/2"}],"replies":[{"embeddable":true,"href":"https:\/\/mikrobiologija.vet.bg.ac.rs\/index.php\/wp-json\/wp\/v2\/comments?post=206"}],"version-history":[{"count":0,"href":"https:\/\/mikrobiologija.vet.bg.ac.rs\/index.php\/wp-json\/wp\/v2\/pages\/206\/revisions"}],"wp:attachment":[{"href":"https:\/\/mikrobiologija.vet.bg.ac.rs\/index.php\/wp-json\/wp\/v2\/media?parent=206"}],"curies":[{"name":"wp","href":"https:\/\/api.w.org\/{rel}","templated":true}]}}