{"id":200,"date":"2022-02-10T18:13:57","date_gmt":"2022-02-10T18:13:57","guid":{"rendered":"http:\/\/127.0.0.1\/wordpress\/?page_id=200"},"modified":"2026-04-15T08:44:50","modified_gmt":"2026-04-15T07:44:50","slug":"mikrobiologija-sa-imunologijom-2-2","status":"publish","type":"page","link":"https:\/\/mikrobiologija.vet.bg.ac.rs\/index.php\/mikrobiologija-sa-imunologijom-2-2\/","title":{"rendered":"Mikrobiologija sa imunologijom 2"},"content":{"rendered":"\t\t<div data-elementor-type=\"wp-page\" data-elementor-id=\"200\" class=\"elementor elementor-200\">\n\t\t\t\t\t\t\t\t\t<header class=\"elementor-section elementor-top-section elementor-element elementor-element-41dfa759 elementor-section-boxed elementor-section-height-default elementor-section-height-default elementor-invisible\" data-id=\"41dfa759\" data-element_type=\"section\" data-settings=\"{&quot;background_background&quot;:&quot;classic&quot;,&quot;animation&quot;:&quot;fadeIn&quot;,&quot;animation_delay&quot;:50}\">\n\t\t\t\t\t\t\t<div class=\"elementor-background-overlay\"><\/div>\n\t\t\t\t\t\t\t<div class=\"elementor-container elementor-column-gap-default\">\n\t\t\t\t\t<div class=\"elementor-column elementor-col-100 elementor-top-column elementor-element elementor-element-2746ea4c\" data-id=\"2746ea4c\" data-element_type=\"column\">\n\t\t\t<div class=\"elementor-widget-wrap elementor-element-populated\">\n\t\t\t\t\t\t\t\t<section class=\"elementor-section elementor-inner-section elementor-element elementor-element-33538ade elementor-section-content-bottom elementor-section-boxed elementor-section-height-default elementor-section-height-default\" data-id=\"33538ade\" data-element_type=\"section\">\n\t\t\t\t\t\t<div class=\"elementor-container elementor-column-gap-default\">\n\t\t\t\t\t<div class=\"elementor-column elementor-col-100 elementor-inner-column elementor-element elementor-element-751f6330\" data-id=\"751f6330\" data-element_type=\"column\">\n\t\t\t<div class=\"elementor-widget-wrap elementor-element-populated\">\n\t\t\t\t\t\t\t\t<div class=\"elementor-element elementor-element-4d119a2d elementor-invisible elementor-widget elementor-widget-heading\" data-id=\"4d119a2d\" data-element_type=\"widget\" data-settings=\"{&quot;_animation&quot;:&quot;fadeIn&quot;,&quot;_animation_delay&quot;:100}\" data-widget_type=\"heading.default\">\n\t\t\t\t<div class=\"elementor-widget-container\">\n\t\t\t<style>\/*! elementor - v3.6.0 - 21-03-2022 *\/\n.elementor-heading-title{padding:0;margin:0;line-height:1}.elementor-widget-heading .elementor-heading-title[class*=elementor-size-]>a{color:inherit;font-size:inherit;line-height:inherit}.elementor-widget-heading .elementor-heading-title.elementor-size-small{font-size:15px}.elementor-widget-heading .elementor-heading-title.elementor-size-medium{font-size:19px}.elementor-widget-heading .elementor-heading-title.elementor-size-large{font-size:29px}.elementor-widget-heading .elementor-heading-title.elementor-size-xl{font-size:39px}.elementor-widget-heading .elementor-heading-title.elementor-size-xxl{font-size:59px}<\/style><h1 class=\"elementor-heading-title elementor-size-default\"><br><br><br><br><br>Mikrobiologija sa imunologijom 2<\/h1>\t\t<\/div>\n\t\t\t\t<\/div>\n\t\t\t\t\t<\/div>\n\t\t<\/div>\n\t\t\t\t\t\t\t<\/div>\n\t\t<\/section>\n\t\t\t\t\t<\/div>\n\t\t<\/div>\n\t\t\t\t\t\t\t<\/div>\n\t\t<\/header>\n\t\t\t\t<section class=\"elementor-section elementor-top-section elementor-element elementor-element-d2886ff elementor-section-boxed elementor-section-height-default elementor-section-height-default\" data-id=\"d2886ff\" data-element_type=\"section\" data-settings=\"{&quot;background_background&quot;:&quot;classic&quot;}\">\n\t\t\t\t\t\t<div class=\"elementor-container elementor-column-gap-no\">\n\t\t\t\t\t<div class=\"elementor-column elementor-col-100 elementor-top-column elementor-element elementor-element-a2ff776\" data-id=\"a2ff776\" data-element_type=\"column\">\n\t\t\t<div class=\"elementor-widget-wrap elementor-element-populated\">\n\t\t\t\t\t\t\t\t<section class=\"elementor-section elementor-inner-section elementor-element elementor-element-958c65c elementor-section-boxed elementor-section-height-default elementor-section-height-default\" data-id=\"958c65c\" data-element_type=\"section\">\n\t\t\t\t\t\t<div class=\"elementor-container elementor-column-gap-wide\">\n\t\t\t\t\t<div class=\"elementor-column elementor-col-33 elementor-inner-column elementor-element elementor-element-6dc966b\" data-id=\"6dc966b\" data-element_type=\"column\">\n\t\t\t<div class=\"elementor-widget-wrap elementor-element-populated\">\n\t\t\t\t\t\t\t\t<div class=\"elementor-element elementor-element-baa2288 elementor-widget elementor-widget-heading\" data-id=\"baa2288\" data-element_type=\"widget\" data-widget_type=\"heading.default\">\n\t\t\t\t<div class=\"elementor-widget-container\">\n\t\t\t<h2 class=\"elementor-heading-title elementor-size-default\">Prezentacije sa predavanja<\/h2>\t\t<\/div>\n\t\t\t\t<\/div>\n\t\t\t\t<div class=\"elementor-element elementor-element-ce7e54e elementor-widget elementor-widget-heading\" data-id=\"ce7e54e\" data-element_type=\"widget\" data-widget_type=\"heading.default\">\n\t\t\t\t<div class=\"elementor-widget-container\">\n\t\t\t<h2 class=\"elementor-heading-title elementor-size-default\"><a href=\"\/\/mikrobiologija.vet.bg.ac.rs\/wp-content\/uploads\/2026\/04\/LS-01-2025-2026-Staphylococcus-Streptococcus.pdf\">1. predavanje\n<\/a><\/h2>\t\t<\/div>\n\t\t\t\t<\/div>\n\t\t\t\t<div class=\"elementor-element elementor-element-f6879ed elementor-widget elementor-widget-heading\" data-id=\"f6879ed\" data-element_type=\"widget\" data-widget_type=\"heading.default\">\n\t\t\t\t<div class=\"elementor-widget-container\">\n\t\t\t<h2 class=\"elementor-heading-title elementor-size-default\"><a href=\"\/\/mikrobiologija.vet.bg.ac.rs\/wp-content\/uploads\/2026\/04\/2.-Predavanje_MB2_Streptococcus-LactobacillusErysipelorhrix-Listeria.pdf\">2. predavanje\n<\/a><\/h2>\t\t<\/div>\n\t\t\t\t<\/div>\n\t\t\t\t<div class=\"elementor-element elementor-element-3bfa72b elementor-widget elementor-widget-heading\" data-id=\"3bfa72b\" data-element_type=\"widget\" data-widget_type=\"heading.default\">\n\t\t\t\t<div class=\"elementor-widget-container\">\n\t\t\t<h2 class=\"elementor-heading-title elementor-size-default\"><a href=\"\/\/mikrobiologija.vet.bg.ac.rs\/wp-content\/uploads\/2026\/04\/LS-03-2025-2025-Bacillus.pdf\">3. predavanje\n<\/a><\/h2>\t\t<\/div>\n\t\t\t\t<\/div>\n\t\t\t\t<div class=\"elementor-element elementor-element-9777fc6 elementor-widget elementor-widget-heading\" data-id=\"9777fc6\" data-element_type=\"widget\" data-widget_type=\"heading.default\">\n\t\t\t\t<div class=\"elementor-widget-container\">\n\t\t\t<h2 class=\"elementor-heading-title elementor-size-default\"><a href=\"\/\/mikrobiologija.vet.bg.ac.rs\/wp-content\/uploads\/2026\/04\/LS-04-2025-2026-Clostridium.pdf\">4. predavanje\n<\/a><\/h2>\t\t<\/div>\n\t\t\t\t<\/div>\n\t\t\t\t<div class=\"elementor-element elementor-element-2053628 elementor-widget elementor-widget-heading\" data-id=\"2053628\" data-element_type=\"widget\" data-widget_type=\"heading.default\">\n\t\t\t\t<div class=\"elementor-widget-container\">\n\t\t\t<h2 class=\"elementor-heading-title elementor-size-default\"><a href=\"\/\/mikrobiologija.vet.bg.ac.rs\/wp-content\/uploads\/2026\/04\/5.-Predavanje_MB2_Actinobacteria.pdf\">5. predavanje\n<\/a><\/h2>\t\t<\/div>\n\t\t\t\t<\/div>\n\t\t\t\t<div class=\"elementor-element elementor-element-f7a972e elementor-widget elementor-widget-heading\" data-id=\"f7a972e\" data-element_type=\"widget\" data-widget_type=\"heading.default\">\n\t\t\t\t<div class=\"elementor-widget-container\">\n\t\t\t<h2 class=\"elementor-heading-title elementor-size-default\"><a href=\"\/\/mikrobiologija.vet.bg.ac.rs\/wp-content\/uploads\/2026\/04\/LS-06-2025-2026-Enterobacterales.pdf\">6. predavanje\n<\/a><\/h2>\t\t<\/div>\n\t\t\t\t<\/div>\n\t\t\t\t<div class=\"elementor-element elementor-element-f314b4d elementor-widget elementor-widget-heading\" data-id=\"f314b4d\" data-element_type=\"widget\" data-widget_type=\"heading.default\">\n\t\t\t\t<div class=\"elementor-widget-container\">\n\t\t\t<h2 class=\"elementor-heading-title elementor-size-default\"><a href=\"\/\/mikrobiologija.vet.bg.ac.rs\/wp-content\/uploads\/2026\/04\/LS-07-2025-2026-Brucella.pdf\">7. predavanje\n<\/a><\/h2>\t\t<\/div>\n\t\t\t\t<\/div>\n\t\t\t\t<div class=\"elementor-element elementor-element-b1b1fc8 elementor-widget elementor-widget-heading\" data-id=\"b1b1fc8\" data-element_type=\"widget\" data-widget_type=\"heading.default\">\n\t\t\t\t<div class=\"elementor-widget-container\">\n\t\t\t<h2 class=\"elementor-heading-title elementor-size-default\"><a href=\"\/\/mikrobiologija.vet.bg.ac.rs\/wp-content\/uploads\/2026\/04\/LS-08-2025-2026-Pseudomonas-Burkholderia-Francisella-Pasteurella-Mannheimia-Haemophillus-Aeromonas.pdf\">8. predavanje\n<\/a><\/h2>\t\t<\/div>\n\t\t\t\t<\/div>\n\t\t\t\t<div class=\"elementor-element elementor-element-1ba167c elementor-widget elementor-widget-heading\" data-id=\"1ba167c\" data-element_type=\"widget\" data-widget_type=\"heading.default\">\n\t\t\t\t<div class=\"elementor-widget-container\">\n\t\t\t<h2 class=\"elementor-heading-title elementor-size-default\"><a href=\"\/\/mikrobiologija.vet.bg.ac.rs\/wp-content\/uploads\/2026\/04\/LS-09-2025-2026-Bordetella-Moraxella-Neisseria-Actinobacillus.pdf\">9. predavanje\n<\/a><\/h2>\t\t<\/div>\n\t\t\t\t<\/div>\n\t\t\t\t<div class=\"elementor-element elementor-element-a5b3d03 elementor-widget elementor-widget-heading\" data-id=\"a5b3d03\" data-element_type=\"widget\" data-widget_type=\"heading.default\">\n\t\t\t\t<div class=\"elementor-widget-container\">\n\t\t\t<h2 class=\"elementor-heading-title elementor-size-default\"><a href=\"\/\/mikrobiologija.vet.bg.ac.rs\/wp-content\/uploads\/2026\/04\/LS-10-2025-2026-Spiralne-bakterije.pdf\">10. predavanje\n<\/a><\/h2>\t\t<\/div>\n\t\t\t\t<\/div>\n\t\t\t\t<div class=\"elementor-element elementor-element-0347c02 elementor-widget elementor-widget-heading\" data-id=\"0347c02\" data-element_type=\"widget\" data-widget_type=\"heading.default\">\n\t\t\t\t<div class=\"elementor-widget-container\">\n\t\t\t<h2 class=\"elementor-heading-title elementor-size-default\"><a href=\"\/\/mikrobiologija.vet.bg.ac.rs\/wp-content\/uploads\/2026\/04\/LS-11-2025-2026-Mycobacterium.pdf\">11. predavanje\n<\/a><\/h2>\t\t<\/div>\n\t\t\t\t<\/div>\n\t\t\t\t<div class=\"elementor-element elementor-element-2b7923f elementor-widget elementor-widget-heading\" data-id=\"2b7923f\" data-element_type=\"widget\" data-widget_type=\"heading.default\">\n\t\t\t\t<div class=\"elementor-widget-container\">\n\t\t\t<h2 class=\"elementor-heading-title elementor-size-default\"><a href=\"\/\/mikrobiologija.vet.bg.ac.rs\/wp-content\/uploads\/2026\/04\/12.-Predavanje_MB2_Mycoplasma-Coxiella-Rikecije.pdf\">12. predavanje\n<\/a><\/h2>\t\t<\/div>\n\t\t\t\t<\/div>\n\t\t\t\t\t<\/div>\n\t\t<\/div>\n\t\t\t\t<div class=\"elementor-column elementor-col-33 elementor-inner-column elementor-element elementor-element-dfbeb21\" data-id=\"dfbeb21\" data-element_type=\"column\">\n\t\t\t<div class=\"elementor-widget-wrap elementor-element-populated\">\n\t\t\t\t\t\t\t\t<div class=\"elementor-element elementor-element-d57b756 elementor-widget elementor-widget-heading\" data-id=\"d57b756\" data-element_type=\"widget\" data-widget_type=\"heading.default\">\n\t\t\t\t<div class=\"elementor-widget-container\">\n\t\t\t<h2 class=\"elementor-heading-title elementor-size-default\">Prezentacije sa ve\u017ebi<\/h2>\t\t<\/div>\n\t\t\t\t<\/div>\n\t\t\t\t<div class=\"elementor-element elementor-element-173fce4 elementor-widget elementor-widget-heading\" data-id=\"173fce4\" data-element_type=\"widget\" data-widget_type=\"heading.default\">\n\t\t\t\t<div class=\"elementor-widget-container\">\n\t\t\t<h2 class=\"elementor-heading-title elementor-size-default\"><a href=\"\/\/mikrobiologija.vet.bg.ac.rs\/wp-content\/uploads\/2026\/04\/1.-vezba-Staphylococcus-Streptococcus.pptx\">1. ve\u017eba<\/a><\/h2>\t\t<\/div>\n\t\t\t\t<\/div>\n\t\t\t\t<div class=\"elementor-element elementor-element-f90a233 elementor-widget elementor-widget-heading\" data-id=\"f90a233\" data-element_type=\"widget\" data-widget_type=\"heading.default\">\n\t\t\t\t<div class=\"elementor-widget-container\">\n\t\t\t<h2 class=\"elementor-heading-title elementor-size-default\"><a href=\"\/\/mikrobiologija.vet.bg.ac.rs\/wp-content\/uploads\/2026\/04\/2.-vezba-Listeria-CorynebacteriumErysipelothrix.pptx\">2. ve\u017eba<\/a><\/h2>\t\t<\/div>\n\t\t\t\t<\/div>\n\t\t\t\t<div class=\"elementor-element elementor-element-2245639 elementor-widget elementor-widget-heading\" data-id=\"2245639\" data-element_type=\"widget\" data-widget_type=\"heading.default\">\n\t\t\t\t<div class=\"elementor-widget-container\">\n\t\t\t<h2 class=\"elementor-heading-title elementor-size-default\"><a href=\"\/\/mikrobiologija.vet.bg.ac.rs\/wp-content\/uploads\/2026\/04\/3.-vezba-Mycobacterium.pptx\">3. ve\u017eba<\/a><\/h2>\t\t<\/div>\n\t\t\t\t<\/div>\n\t\t\t\t<div class=\"elementor-element elementor-element-22ec113 elementor-widget elementor-widget-heading\" data-id=\"22ec113\" data-element_type=\"widget\" data-widget_type=\"heading.default\">\n\t\t\t\t<div class=\"elementor-widget-container\">\n\t\t\t<h2 class=\"elementor-heading-title elementor-size-default\"><a href=\"\/\/mikrobiologija.vet.bg.ac.rs\/wp-content\/uploads\/2026\/04\/4.-vezba-Bacillus-i-Clostridium.pptx\">4. ve\u017eba<\/a><\/h2>\t\t<\/div>\n\t\t\t\t<\/div>\n\t\t\t\t<div class=\"elementor-element elementor-element-4035267 elementor-widget elementor-widget-heading\" data-id=\"4035267\" data-element_type=\"widget\" data-widget_type=\"heading.default\">\n\t\t\t\t<div class=\"elementor-widget-container\">\n\t\t\t<h2 class=\"elementor-heading-title elementor-size-default\"><a href=\"\/\/mikrobiologija.vet.bg.ac.rs\/wp-content\/uploads\/2026\/04\/5.-vezba-Enterobacteriaceae.pptx\">5. ve\u017eba<\/a><\/h2>\t\t<\/div>\n\t\t\t\t<\/div>\n\t\t\t\t<div class=\"elementor-element elementor-element-2db6107 elementor-widget elementor-widget-heading\" data-id=\"2db6107\" data-element_type=\"widget\" data-widget_type=\"heading.default\">\n\t\t\t\t<div class=\"elementor-widget-container\">\n\t\t\t<h2 class=\"elementor-heading-title elementor-size-default\"><a href=\"\/\/mikrobiologija.vet.bg.ac.rs\/wp-content\/uploads\/2026\/04\/6.-Rodovi-Brucella-i-Pasteurella.pptx\">6. ve\u017eba<\/a><\/h2>\t\t<\/div>\n\t\t\t\t<\/div>\n\t\t\t\t\t<\/div>\n\t\t<\/div>\n\t\t\t\t<div class=\"elementor-column elementor-col-33 elementor-inner-column elementor-element elementor-element-ef52afc\" data-id=\"ef52afc\" data-element_type=\"column\">\n\t\t\t<div class=\"elementor-widget-wrap elementor-element-populated\">\n\t\t\t\t\t\t\t\t<div class=\"elementor-element elementor-element-ce4303e elementor-widget elementor-widget-heading\" data-id=\"ce4303e\" data-element_type=\"widget\" data-widget_type=\"heading.default\">\n\t\t\t\t<div class=\"elementor-widget-container\">\n\t\t\t<h2 class=\"elementor-heading-title elementor-size-default\">Program predmeta<\/h2>\t\t<\/div>\n\t\t\t\t<\/div>\n\t\t\t\t<div class=\"elementor-element elementor-element-8586d34 elementor-widget elementor-widget-heading\" data-id=\"8586d34\" data-element_type=\"widget\" data-widget_type=\"heading.default\">\n\t\t\t\t<div class=\"elementor-widget-container\">\n\t\t\t<h4 class=\"elementor-heading-title elementor-size-default\"><a href=\"\/\/mikrobiologija.vet.bg.ac.rs\/wp-content\/uploads\/2026\/04\/Tabela_5.2_Mikrobiologija-sa-imunologijom-2_IMAS.pdf\" target=\"_blank\">Preuzmi program <\/a><\/h4>\t\t<\/div>\n\t\t\t\t<\/div>\n\t\t\t\t<div class=\"elementor-element elementor-element-5ca11c2 elementor-widget elementor-widget-heading\" data-id=\"5ca11c2\" data-element_type=\"widget\" data-widget_type=\"heading.default\">\n\t\t\t\t<div class=\"elementor-widget-container\">\n\t\t\t<h2 class=\"elementor-heading-title elementor-size-default\">Raspored predavanja i ve\u017ebi<\/h2>\t\t<\/div>\n\t\t\t\t<\/div>\n\t\t\t\t<div class=\"elementor-element elementor-element-154f545 elementor-widget elementor-widget-heading\" data-id=\"154f545\" data-element_type=\"widget\" data-widget_type=\"heading.default\">\n\t\t\t\t<div class=\"elementor-widget-container\">\n\t\t\t<h4 class=\"elementor-heading-title elementor-size-default\"><a href=\"\/\/mikrobiologija.vet.bg.ac.rs\/wp-content\/uploads\/2026\/04\/Raspored-predavanja.pdf\">Preuzmi raspored predavanja <\/a><\/h4>\t\t<\/div>\n\t\t\t\t<\/div>\n\t\t\t\t<div class=\"elementor-element elementor-element-121ae91 elementor-widget elementor-widget-heading\" data-id=\"121ae91\" data-element_type=\"widget\" data-widget_type=\"heading.default\">\n\t\t\t\t<div class=\"elementor-widget-container\">\n\t\t\t<h4 class=\"elementor-heading-title elementor-size-default\"><a href=\"\/\/mikrobiologija.vet.bg.ac.rs\/wp-content\/uploads\/2026\/04\/Raspored-vezbi.pdf\">Preuzmi raspored ve\u017ebi <\/a><\/h4>\t\t<\/div>\n\t\t\t\t<\/div>\n\t\t\t\t<div class=\"elementor-element elementor-element-70bd934 elementor-widget elementor-widget-heading\" data-id=\"70bd934\" data-element_type=\"widget\" data-widget_type=\"heading.default\">\n\t\t\t\t<div class=\"elementor-widget-container\">\n\t\t\t<h2 class=\"elementor-heading-title elementor-size-default\">Ispitna pitanja<\/h2>\t\t<\/div>\n\t\t\t\t<\/div>\n\t\t\t\t<div class=\"elementor-element elementor-element-2d23d49 elementor-widget elementor-widget-heading\" data-id=\"2d23d49\" data-element_type=\"widget\" data-widget_type=\"heading.default\">\n\t\t\t\t<div class=\"elementor-widget-container\">\n\t\t\t<h4 class=\"elementor-heading-title elementor-size-default\"><a href=\"\/\/mikrobiologija.vet.bg.ac.rs\/wp-content\/uploads\/2026\/04\/Ispitna-pitanja-Mikrobiologija-sa-imunologijom-2.pdf\">Preuzmi ispitna pitanja<\/a><\/h4>\t\t<\/div>\n\t\t\t\t<\/div>\n\t\t\t\t<div class=\"elementor-element elementor-element-299ae6e elementor-widget elementor-widget-heading\" data-id=\"299ae6e\" data-element_type=\"widget\" data-widget_type=\"heading.default\">\n\t\t\t\t<div class=\"elementor-widget-container\">\n\t\t\t<h2 class=\"elementor-heading-title elementor-size-default\">Na\u010din polaganja ispita<\/h2>\t\t<\/div>\n\t\t\t\t<\/div>\n\t\t\t\t<div class=\"elementor-element elementor-element-7d59f4f elementor-widget elementor-widget-heading\" data-id=\"7d59f4f\" data-element_type=\"widget\" data-widget_type=\"heading.default\">\n\t\t\t\t<div class=\"elementor-widget-container\">\n\t\t\t<h4 class=\"elementor-heading-title elementor-size-default\"><a href=\"\/\/mikrobiologija.vet.bg.ac.rs\/wp-content\/uploads\/2026\/04\/Nacin-polaganja-ispita-Mikrobiologija-sa-imunologijom-2.pdf\">Preuzmi na\u010din polaganja ispita<\/a><\/h4>\t\t<\/div>\n\t\t\t\t<\/div>\n\t\t\t\t\t<\/div>\n\t\t<\/div>\n\t\t\t\t\t\t\t<\/div>\n\t\t<\/section>\n\t\t\t\t\t<\/div>\n\t\t<\/div>\n\t\t\t\t\t\t\t<\/div>\n\t\t<\/section>\n\t\t\t\t<section class=\"elementor-section elementor-top-section elementor-element elementor-element-fec3b23 elementor-section-boxed elementor-section-height-default elementor-section-height-default\" data-id=\"fec3b23\" data-element_type=\"section\">\n\t\t\t\t\t\t<div class=\"elementor-container elementor-column-gap-default\">\n\t\t\t\t\t<div class=\"elementor-column elementor-col-100 elementor-top-column elementor-element elementor-element-b7e025f\" data-id=\"b7e025f\" data-element_type=\"column\">\n\t\t\t<div class=\"elementor-widget-wrap elementor-element-populated\">\n\t\t\t\t\t\t\t\t\t<\/div>\n\t\t<\/div>\n\t\t\t\t\t\t\t<\/div>\n\t\t<\/section>\n\t\t\t\t\t\t\t<\/div>\n\t\t","protected":false},"excerpt":{"rendered":"<p>Mikrobiologija sa imunologijom 2 Prezentacije sa predavanja 1. predavanje 2. predavanje 3. predavanje 4. predavanje 5. predavanje 6. predavanje 7. predavanje 8. predavanje 9. predavanje 10. predavanje 11. predavanje 12. predavanje Prezentacije sa ve\u017ebi 1. ve\u017eba 2. ve\u017eba 3. ve\u017eba&#8230;<\/p>\n","protected":false},"author":2,"featured_media":0,"parent":0,"menu_order":0,"comment_status":"closed","ping_status":"closed","template":"elementor_header_footer","meta":{"footnotes":""},"_links":{"self":[{"href":"https:\/\/mikrobiologija.vet.bg.ac.rs\/index.php\/wp-json\/wp\/v2\/pages\/200"}],"collection":[{"href":"https:\/\/mikrobiologija.vet.bg.ac.rs\/index.php\/wp-json\/wp\/v2\/pages"}],"about":[{"href":"https:\/\/mikrobiologija.vet.bg.ac.rs\/index.php\/wp-json\/wp\/v2\/types\/page"}],"author":[{"embeddable":true,"href":"https:\/\/mikrobiologija.vet.bg.ac.rs\/index.php\/wp-json\/wp\/v2\/users\/2"}],"replies":[{"embeddable":true,"href":"https:\/\/mikrobiologija.vet.bg.ac.rs\/index.php\/wp-json\/wp\/v2\/comments?post=200"}],"version-history":[{"count":81,"href":"https:\/\/mikrobiologija.vet.bg.ac.rs\/index.php\/wp-json\/wp\/v2\/pages\/200\/revisions"}],"predecessor-version":[{"id":5822,"href":"https:\/\/mikrobiologija.vet.bg.ac.rs\/index.php\/wp-json\/wp\/v2\/pages\/200\/revisions\/5822"}],"wp:attachment":[{"href":"https:\/\/mikrobiologija.vet.bg.ac.rs\/index.php\/wp-json\/wp\/v2\/media?parent=200"}],"curies":[{"name":"wp","href":"https:\/\/api.w.org\/{rel}","templated":true}]}}