{"id":194,"date":"2022-01-30T17:41:14","date_gmt":"2022-01-30T17:41:14","guid":{"rendered":"http:\/\/127.0.0.1\/wordpress\/?page_id=24"},"modified":"2022-04-10T20:06:28","modified_gmt":"2022-04-10T19:06:28","slug":"costs","status":"publish","type":"page","link":"https:\/\/mikrobiologija.vet.bg.ac.rs\/index.php\/costs\/","title":{"rendered":"KATEDRA"},"content":{"rendered":"\t\t<div data-elementor-type=\"wp-page\" data-elementor-id=\"194\" class=\"elementor elementor-194\">\n\t\t\t\t\t\t\t\t\t<header class=\"elementor-section elementor-top-section elementor-element elementor-element-62e3684e elementor-section-boxed elementor-section-height-default elementor-section-height-default elementor-invisible\" data-id=\"62e3684e\" data-element_type=\"section\" data-settings=\"{&quot;background_background&quot;:&quot;classic&quot;,&quot;animation&quot;:&quot;fadeIn&quot;,&quot;animation_delay&quot;:50}\">\n\t\t\t\t\t\t\t<div class=\"elementor-background-overlay\"><\/div>\n\t\t\t\t\t\t\t<div class=\"elementor-container elementor-column-gap-default\">\n\t\t\t\t\t<div class=\"elementor-column elementor-col-100 elementor-top-column elementor-element elementor-element-e9de15b\" data-id=\"e9de15b\" data-element_type=\"column\">\n\t\t\t<div class=\"elementor-widget-wrap elementor-element-populated\">\n\t\t\t\t\t\t\t\t<div class=\"elementor-element elementor-element-5823c56 elementor-widget elementor-widget-heading\" data-id=\"5823c56\" data-element_type=\"widget\" data-widget_type=\"heading.default\">\n\t\t\t\t<div class=\"elementor-widget-container\">\n\t\t\t<style>\/*! elementor - v3.6.0 - 21-03-2022 *\/\n.elementor-heading-title{padding:0;margin:0;line-height:1}.elementor-widget-heading .elementor-heading-title[class*=elementor-size-]>a{color:inherit;font-size:inherit;line-height:inherit}.elementor-widget-heading .elementor-heading-title.elementor-size-small{font-size:15px}.elementor-widget-heading .elementor-heading-title.elementor-size-medium{font-size:19px}.elementor-widget-heading .elementor-heading-title.elementor-size-large{font-size:29px}.elementor-widget-heading .elementor-heading-title.elementor-size-xl{font-size:39px}.elementor-widget-heading .elementor-heading-title.elementor-size-xxl{font-size:59px}<\/style><h2 class=\"elementor-heading-title elementor-size-default\">KATEDRA<\/h2>\t\t<\/div>\n\t\t\t\t<\/div>\n\t\t\t\t\t<\/div>\n\t\t<\/div>\n\t\t\t\t\t\t\t<\/div>\n\t\t<\/header>\n\t\t\t\t<section class=\"elementor-section elementor-top-section elementor-element elementor-element-86b90b4 elementor-section-boxed elementor-section-height-default elementor-section-height-default\" data-id=\"86b90b4\" data-element_type=\"section\" data-settings=\"{&quot;background_background&quot;:&quot;classic&quot;}\">\n\t\t\t\t\t\t<div class=\"elementor-container elementor-column-gap-default\">\n\t\t\t\t\t<div class=\"elementor-column elementor-col-100 elementor-top-column elementor-element elementor-element-8fc9cab\" data-id=\"8fc9cab\" data-element_type=\"column\">\n\t\t\t<div class=\"elementor-widget-wrap elementor-element-populated\">\n\t\t\t\t\t\t\t\t<div class=\"elementor-element elementor-element-f5ed485 elementor-widget elementor-widget-heading\" data-id=\"f5ed485\" data-element_type=\"widget\" data-widget_type=\"heading.default\">\n\t\t\t\t<div class=\"elementor-widget-container\">\n\t\t\t<h2 class=\"elementor-heading-title elementor-size-default\"><p class=\"MsoNormal\" align=\"center\" style=\"text-align:center;text-indent:.5in\"><b>KATEDRA ZA MIKROBIOLOGIJU<o:p><\/o:p><\/b><\/p>\n\n<\/h2>\t\t<\/div>\n\t\t\t\t<\/div>\n\t\t\t\t<div class=\"elementor-element elementor-element-57cac04 elementor-widget elementor-widget-heading\" data-id=\"57cac04\" data-element_type=\"widget\" data-widget_type=\"heading.default\">\n\t\t\t\t<div class=\"elementor-widget-container\">\n\t\t\t<h2 class=\"elementor-heading-title elementor-size-default\">Katedra za mikrobiologiju po\u010dela je sa radom 1939. godine kao Institut za mikrobiologiju, a za prvog upravnika bio je izabran docent dr Franjo Mlinac. Institut za mikrobiologiju je zajedno sa Parazitolo\u0161kim institutom privremeno bio sme\u0161ten u jednoj zgradi u Bir\u010daninovoj 19 i to sve do 1941. godine, kada je usled ratnih prilika Univerzitet u Beogradu bio zatvoren. Po zavr\u0161etku jednog dela centralne zgrade Fakulteta, Institut je dobio svoje prostorije na prvom spratu, zajedno sa Institutom za parazitologiju, sa kojim je delio salu za izvo\u0111enje parkti\u010dnih ve\u017ebi. Prema Statutu Veterinarskog fakulteta, Institut je 1972. godine transformisan u Katedru za mikrobiologiju. Bolesti riba su 1975. godine formirane kao poseban predmet, pa je Katedra za mikrobiologiju imala zadatak da organizuje nastavu za predmete Mikrobiologija sa imunologijom i Bolesti riba. Katedra za Mikrobiologiju raspola\u017ee laboratorijama za bakteriologiju, virusologiju, PCR i serologiju kao i laboratorijom za izvo\u0111enje nastave iz predmeta Bolesti riba. Za izvo\u0111enje nastave drugog stepena postoje prostorije i osnovna oprema koja omogu\u0107ava adekvatno izvo\u0111enje nastave. Katedra za mikrobiologiju deli salu za predavanja i prakti\u010dne ve\u017ebe sa Katedrom za parazitologiju. U okviru navedenih laboratorija odvija se i nastava na specijalisti\u010dkim akademskim studijama i na izbornim predmetima doktorskih studija. Prema nastavnom planu Integrisanih osnovnih i master akademskih studija iz 2021. godine, na Katedri se dr\u017ei nastava iz dva obavezna predmeta: Mikrobiologija sa imunologijom 1 i Mikrobiologija sa imunologijom 2. Teorijska nastava i prakti\u010dna nastava iz Mikrobiologije sa imunologijom 1 se odvija u u III semestru i obuhvata materiju iz oblasti op\u0161te mikrobiologije sa imunologijom sa fondom \u010dasova 3+3. U IV semestru, nastavna materija iz Mikrobiologije sa imunologijom 2 obuhvata specijalnu bakteriologiju i mikologiju, kao i op\u0161tu i specijalnu virusologiju sa fondom \u010dasova 3+2. Prakti\u010dna nastava se uglavnom odvija sa ve\u0107im brojem grupa, zavisno od broja upisanih studenata na godini, u ve\u017ebaonici Katedre za mikrobiologiju sa dvadeset radnih mesta. Nastava iz predmeta Bolesti riba izvodi se u VI semestru, sa fondom \u010dasova 1+1. Prakti\u010dne ve\u017ebe se izvode u ve\u017ebaonici Katedre za mikrobiologiju i na ribnjacima. Pored osnovnog, postoje i dva izborna predmeta: Ribarstvo (III semestar) i Akvaristika (IV semestar). Nastavnici i saradnici Katedre za mikrobiologiju su anga\u017eovani u izvo\u0111enju nastave i na specijalisti\u010dkim akademskim studijama iz tri izborna predmeta: Infekcija i mehanizmi odbrane od infektivnih agenasa, Metode virusolo\u0161ke, bakteriolo\u0161ke, mikolo\u0161ke i parazitolo\u0161ke dijagnostike i Klini\u010dka mikrobiologija kao i u okviru izbodnog modula M2: Veterinarska mikrobiologija sa imunologijom. Pored toga, nastavnici sa Katedre za mikrobiologiju u\u010destvuju u izvo\u0111enju nastave na doktorskim studijama iz predmeta Veterinarska imunologija, Metode mikrobiolo\u0161ke dijagnostike i Mikrobiologija.\n<\/h2>\t\t<\/div>\n\t\t\t\t<\/div>\n\t\t\t\t\t<\/div>\n\t\t<\/div>\n\t\t\t\t\t\t\t<\/div>\n\t\t<\/section>\n\t\t\t\t\t\t\t<\/div>\n\t\t","protected":false},"excerpt":{"rendered":"<p>KATEDRA KATEDRA ZA MIKROBIOLOGIJU Katedra za mikrobiologiju po\u010dela je sa radom 1939. godine kao Institut za mikrobiologiju, a za prvog upravnika bio je izabran docent dr Franjo Mlinac. Institut za mikrobiologiju je zajedno sa Parazitolo\u0161kim institutom privremeno bio sme\u0161ten u&#8230;<\/p>\n","protected":false},"author":2,"featured_media":0,"parent":0,"menu_order":0,"comment_status":"closed","ping_status":"closed","template":"elementor_header_footer","meta":{"footnotes":""},"_links":{"self":[{"href":"https:\/\/mikrobiologija.vet.bg.ac.rs\/index.php\/wp-json\/wp\/v2\/pages\/194"}],"collection":[{"href":"https:\/\/mikrobiologija.vet.bg.ac.rs\/index.php\/wp-json\/wp\/v2\/pages"}],"about":[{"href":"https:\/\/mikrobiologija.vet.bg.ac.rs\/index.php\/wp-json\/wp\/v2\/types\/page"}],"author":[{"embeddable":true,"href":"https:\/\/mikrobiologija.vet.bg.ac.rs\/index.php\/wp-json\/wp\/v2\/users\/2"}],"replies":[{"embeddable":true,"href":"https:\/\/mikrobiologija.vet.bg.ac.rs\/index.php\/wp-json\/wp\/v2\/comments?post=194"}],"version-history":[{"count":0,"href":"https:\/\/mikrobiologija.vet.bg.ac.rs\/index.php\/wp-json\/wp\/v2\/pages\/194\/revisions"}],"wp:attachment":[{"href":"https:\/\/mikrobiologija.vet.bg.ac.rs\/index.php\/wp-json\/wp\/v2\/media?parent=194"}],"curies":[{"name":"wp","href":"https:\/\/api.w.org\/{rel}","templated":true}]}}