{"id":187,"date":"2022-01-30T17:37:40","date_gmt":"2022-01-30T16:37:40","guid":{"rendered":"http:\/\/127.0.0.1\/wordpress\/?page_id=9"},"modified":"2024-11-22T23:15:37","modified_gmt":"2024-11-22T22:15:37","slug":"homepage","status":"publish","type":"page","link":"https:\/\/mikrobiologija.vet.bg.ac.rs\/","title":{"rendered":"PO\u010cETNA"},"content":{"rendered":"\t\t<div data-elementor-type=\"wp-page\" data-elementor-id=\"187\" class=\"elementor elementor-187\">\n\t\t\t\t\t\t\t\t\t<header class=\"elementor-section elementor-top-section elementor-element elementor-element-2689fddc elementor-section-boxed elementor-section-height-default elementor-section-height-default elementor-invisible\" data-id=\"2689fddc\" data-element_type=\"section\" data-settings=\"{&quot;background_background&quot;:&quot;slideshow&quot;,&quot;animation&quot;:&quot;fadeIn&quot;,&quot;animation_delay&quot;:50,&quot;background_slideshow_gallery&quot;:[{&quot;id&quot;:158,&quot;url&quot;:&quot;http:\\\/\\\/mikrobiologija.vet.bg.ac.rs\\\/wp-content\\\/uploads\\\/2022\\\/02\\\/covid-19-coronavirus-3d-virus-render-background-1.jpg&quot;},{&quot;id&quot;:179,&quot;url&quot;:&quot;http:\\\/\\\/mikrobiologija.vet.bg.ac.rs\\\/wp-content\\\/uploads\\\/2022\\\/02\\\/louis-reed-pwcKF7L4-no-unsplash.jpg&quot;},{&quot;id&quot;:3580,&quot;url&quot;:&quot;http:\\\/\\\/mikrobiologija.vet.bg.ac.rs\\\/wp-content\\\/uploads\\\/2022\\\/04\\\/bacteria-g3acec195a_1920.jpg&quot;},{&quot;id&quot;:3578,&quot;url&quot;:&quot;http:\\\/\\\/mikrobiologija.vet.bg.ac.rs\\\/wp-content\\\/uploads\\\/2022\\\/04\\\/microscope-g605dd0483_1920.jpg&quot;}],&quot;background_slideshow_slide_duration&quot;:3000,&quot;background_slideshow_transition_duration&quot;:2000,&quot;background_slideshow_ken_burns&quot;:&quot;yes&quot;,&quot;background_slideshow_ken_burns_zoom_direction&quot;:&quot;out&quot;,&quot;background_slideshow_loop&quot;:&quot;yes&quot;,&quot;background_slideshow_slide_transition&quot;:&quot;fade&quot;}\">\n\t\t\t\t\t\t\t<div class=\"elementor-background-overlay\"><\/div>\n\t\t\t\t\t\t\t<div class=\"elementor-container elementor-column-gap-default\">\n\t\t\t\t\t<div class=\"elementor-column elementor-col-100 elementor-top-column elementor-element elementor-element-4b8bdd3\" data-id=\"4b8bdd3\" data-element_type=\"column\">\n\t\t\t<div class=\"elementor-widget-wrap elementor-element-populated\">\n\t\t\t\t\t\t\t\t<section class=\"elementor-section elementor-inner-section elementor-element elementor-element-ea54f6c elementor-section-boxed elementor-section-height-default elementor-section-height-default\" data-id=\"ea54f6c\" data-element_type=\"section\">\n\t\t\t\t\t\t<div class=\"elementor-container elementor-column-gap-default\">\n\t\t\t\t\t<div class=\"elementor-column elementor-col-100 elementor-inner-column elementor-element elementor-element-66f7e0c4\" data-id=\"66f7e0c4\" data-element_type=\"column\" data-settings=\"{&quot;background_background&quot;:&quot;classic&quot;}\">\n\t\t\t<div class=\"elementor-widget-wrap elementor-element-populated\">\n\t\t\t\t\t\t\t\t<div class=\"elementor-element elementor-element-6957177e elementor-invisible elementor-widget elementor-widget-heading\" data-id=\"6957177e\" data-element_type=\"widget\" data-settings=\"{&quot;_animation&quot;:&quot;fadeIn&quot;,&quot;_animation_delay&quot;:100}\" data-widget_type=\"heading.default\">\n\t\t\t\t<div class=\"elementor-widget-container\">\n\t\t\t<style>\/*! elementor - v3.6.0 - 21-03-2022 *\/\n.elementor-heading-title{padding:0;margin:0;line-height:1}.elementor-widget-heading .elementor-heading-title[class*=elementor-size-]>a{color:inherit;font-size:inherit;line-height:inherit}.elementor-widget-heading .elementor-heading-title.elementor-size-small{font-size:15px}.elementor-widget-heading .elementor-heading-title.elementor-size-medium{font-size:19px}.elementor-widget-heading .elementor-heading-title.elementor-size-large{font-size:29px}.elementor-widget-heading .elementor-heading-title.elementor-size-xl{font-size:39px}.elementor-widget-heading .elementor-heading-title.elementor-size-xxl{font-size:59px}<\/style><h1 class=\"elementor-heading-title elementor-size-default\">KATEDRA ZA MIKROBIOLOGIJU<\/h1>\t\t<\/div>\n\t\t\t\t<\/div>\n\t\t\t\t<div class=\"elementor-element elementor-element-2f02ab8 elementor-align-center elementor-mobile-align-center elementor-invisible elementor-widget elementor-widget-button\" data-id=\"2f02ab8\" data-element_type=\"widget\" data-settings=\"{&quot;_animation&quot;:&quot;fadeIn&quot;,&quot;_animation_delay&quot;:300}\" data-widget_type=\"button.default\">\n\t\t\t\t<div class=\"elementor-widget-container\">\n\t\t\t\t\t<div class=\"elementor-button-wrapper\">\n\t\t\t<a href=\"\/\/mikrobiologija.vet.bg.ac.rs\/wp-content\/uploads\/2022\/04\/Spisak-usluga-i-cenovnik.pdf\" target=\"_blank\" class=\"elementor-button-link elementor-button elementor-size-xs elementor-animation-grow\" role=\"button\">\n\t\t\t\t\t\t<span class=\"elementor-button-content-wrapper\">\n\t\t\t\t\t\t\t<span class=\"elementor-button-icon elementor-align-icon-left\">\n\t\t\t\t\t\t\t<\/span>\n\t\t\t\t\t\t<span class=\"elementor-button-text\">USLUGE<\/span>\n\t\t<\/span>\n\t\t\t\t\t<\/a>\n\t\t<\/div>\n\t\t\t\t<\/div>\n\t\t\t\t<\/div>\n\t\t\t\t<div class=\"elementor-element elementor-element-0c02425 elementor-align-center elementor-mobile-align-center elementor-invisible elementor-widget elementor-widget-button\" data-id=\"0c02425\" data-element_type=\"widget\" data-settings=\"{&quot;_animation&quot;:&quot;fadeIn&quot;,&quot;_animation_delay&quot;:300}\" data-widget_type=\"button.default\">\n\t\t\t\t<div class=\"elementor-widget-container\">\n\t\t\t\t\t<div class=\"elementor-button-wrapper\">\n\t\t\t<a href=\"http:\/\/mikrobiologija.vet.bg.ac.rs\/wp-content\/uploads\/2022\/03\/Informacije-o-radu-i-cenovnik-Laboratorije-Boleti-riba.pdf\" target=\"_blank\" class=\"elementor-button-link elementor-button elementor-size-xs elementor-animation-grow\" role=\"button\">\n\t\t\t\t\t\t<span class=\"elementor-button-content-wrapper\">\n\t\t\t\t\t\t\t<span class=\"elementor-button-icon elementor-align-icon-left\">\n\t\t\t\t\t\t\t<\/span>\n\t\t\t\t\t\t<span class=\"elementor-button-text\">Laboratorija za ribe<\/span>\n\t\t<\/span>\n\t\t\t\t\t<\/a>\n\t\t<\/div>\n\t\t\t\t<\/div>\n\t\t\t\t<\/div>\n\t\t\t\t\t<\/div>\n\t\t<\/div>\n\t\t\t\t\t\t\t<\/div>\n\t\t<\/section>\n\t\t\t\t\t<\/div>\n\t\t<\/div>\n\t\t\t\t\t\t\t<\/div>\n\t\t<\/header>\n\t\t\t\t<section class=\"elementor-section elementor-top-section elementor-element elementor-element-5403fb73 elementor-section-boxed elementor-section-height-default elementor-section-height-default\" data-id=\"5403fb73\" data-element_type=\"section\">\n\t\t\t\t\t\t<div class=\"elementor-container elementor-column-gap-default\">\n\t\t\t\t\t<div class=\"elementor-column elementor-col-100 elementor-top-column elementor-element elementor-element-0a32110\" data-id=\"0a32110\" data-element_type=\"column\">\n\t\t\t<div class=\"elementor-widget-wrap elementor-element-populated\">\n\t\t\t\t\t\t\t\t<div class=\"elementor-element elementor-element-8d74a33 elementor-widget elementor-widget-heading\" data-id=\"8d74a33\" data-element_type=\"widget\" data-widget_type=\"heading.default\">\n\t\t\t\t<div class=\"elementor-widget-container\">\n\t\t\t<h2 class=\"elementor-heading-title elementor-size-default\">OBAVE\u0160TENJA<\/h2>\t\t<\/div>\n\t\t\t\t<\/div>\n\t\t\t\t<section class=\"elementor-section elementor-inner-section elementor-element elementor-element-b96b87a elementor-section-height-min-height elementor-section-boxed elementor-section-height-default\" data-id=\"b96b87a\" data-element_type=\"section\">\n\t\t\t\t\t\t<div class=\"elementor-container elementor-column-gap-default\">\n\t\t\t\t\t<div class=\"elementor-column elementor-col-100 elementor-inner-column elementor-element elementor-element-ad45f8a\" data-id=\"ad45f8a\" data-element_type=\"column\">\n\t\t\t<div class=\"elementor-widget-wrap elementor-element-populated\">\n\t\t\t\t\t\t\t\t<div class=\"elementor-element elementor-element-989e3fc elementor-widget elementor-widget-heading\" data-id=\"989e3fc\" data-element_type=\"widget\" data-widget_type=\"heading.default\">\n\t\t\t\t<div class=\"elementor-widget-container\">\n\t\t\t<h2 class=\"elementor-heading-title elementor-size-default\"><a href=\"\/\/mikrobiologija.vet.bg.ac.rs\/wp-content\/uploads\/2024\/11\/rezultati-kolokvijum\u0430.pdf\" target=\"_blank\">Rezultati prvog kolokvijuma iz Mikrobiologije sa imunologijom 1<\/a><\/h2>\t\t<\/div>\n\t\t\t\t<\/div>\n\t\t\t\t<div class=\"elementor-element elementor-element-35cbab0 elementor-widget elementor-widget-heading\" data-id=\"35cbab0\" data-element_type=\"widget\" data-widget_type=\"heading.default\">\n\t\t\t\t<div class=\"elementor-widget-container\">\n\t\t\t<h2 class=\"elementor-heading-title elementor-size-default\"><a href=\"\/\/mikrobiologija.vet.bg.ac.rs\/wp-content\/uploads\/2024\/11\/IAS_Novembar_rok-1.pdf\" target=\"_blank\">Termini za polaganje ispita iz Mikrobiologije sa imunologijom i Mikrobiologije sa imunologijom 1 i 2 u Novembarskom ispitnom roku (apsolventi)<\/a><\/h2>\t\t<\/div>\n\t\t\t\t<\/div>\n\t\t\t\t<div class=\"elementor-element elementor-element-34de5cd elementor-widget elementor-widget-heading\" data-id=\"34de5cd\" data-element_type=\"widget\" data-widget_type=\"heading.default\">\n\t\t\t\t<div class=\"elementor-widget-container\">\n\t\t\t<h2 class=\"elementor-heading-title elementor-size-default\"><a href=\"\/\/mikrobiologija.vet.bg.ac.rs\/wp-content\/uploads\/2024\/11\/Obavestenje-za-studente.pdf\" target=\"_blank\">VA\u017dNO OBAVE\u0160TENJE - PROMENA TERMINA PREDAVANJA<\/a><\/h2>\t\t<\/div>\n\t\t\t\t<\/div>\n\t\t\t\t<div class=\"elementor-element elementor-element-5f54cf4 elementor-widget elementor-widget-heading\" data-id=\"5f54cf4\" data-element_type=\"widget\" data-widget_type=\"heading.default\">\n\t\t\t\t<div class=\"elementor-widget-container\">\n\t\t\t<h2 class=\"elementor-heading-title elementor-size-default\"><a href=\"\/\/mikrobiologija.vet.bg.ac.rs\/wp-content\/uploads\/2024\/11\/\u0414\u0410\u0421-\u0421\u0410\u0421-\u0418-\u0423\u0421-\u041d\u041e\u0412\u0415\u041c\u0411\u0410\u0420\u0421\u041a\u0418-\u0438\u0441\u043f\u0438\u0442\u043d\u0438-\u0440\u043e\u043a-2024.-T\u0435\u0440\u043c\u0438\u043d-\u0437\u0430-\u043f\u043e\u043b\u0430\u0433\u0430\u045a\u0435-\u0438\u0441\u043f\u0438\u0442\u0430-\u0437\u0430-\u0441\u0432\u0435-\u043f\u0440\u0435\u0434\u043c\u0435\u0442\u0435-\u043d\u0430-\u041a\u0430\u0442\u0435\u0434\u0440\u0438-\u0437\u0430-\u043c\u0438\u043a\u0440\u043e\u0431\u0438\u043e\u043b\u043e\u0433\u0438\u0458\u0443.pdf.pdf\" target=\"_blank\">Termin za polaganje ispita za sve predmete na DAS-u, SAS-u i US-u - Novembarski ispitni rok <\/a><\/h2>\t\t<\/div>\n\t\t\t\t<\/div>\n\t\t\t\t<div class=\"elementor-element elementor-element-3aeadb7 elementor-widget elementor-widget-heading\" data-id=\"3aeadb7\" data-element_type=\"widget\" data-widget_type=\"heading.default\">\n\t\t\t\t<div class=\"elementor-widget-container\">\n\t\t\t<h2 class=\"elementor-heading-title elementor-size-default\"><a href=\"\/\/mikrobiologija.vet.bg.ac.rs\/wp-content\/uploads\/2024\/10\/OBAVESTENJE-ZA-STUDENTE.pdf\" target=\"_blank\">OBAVE\u0160TENJE ZA STUDENTE<\/a><\/h2>\t\t<\/div>\n\t\t\t\t<\/div>\n\t\t\t\t<div class=\"elementor-element elementor-element-5e401b9 elementor-widget elementor-widget-heading\" data-id=\"5e401b9\" data-element_type=\"widget\" data-widget_type=\"heading.default\">\n\t\t\t\t<div class=\"elementor-widget-container\">\n\t\t\t<h2 class=\"elementor-heading-title elementor-size-default\"><a href=\"http:\/\/mikrobiologija.vet.bg.ac.rs\/wp-content\/uploads\/2024\/10\/OBAVESTENJE-ZA-STUDENTE-1.pdf\" target=\"_blank\">Va\u017eno obave\u0161tenje - promena termina popodnevnih ve\u017ebi u \u010detvrtak 31.10.<\/a><\/h2>\t\t<\/div>\n\t\t\t\t<\/div>\n\t\t\t\t<div class=\"elementor-element elementor-element-d822acc elementor-widget elementor-widget-heading\" data-id=\"d822acc\" data-element_type=\"widget\" data-widget_type=\"heading.default\">\n\t\t\t\t<div class=\"elementor-widget-container\">\n\t\t\t<h2 class=\"elementor-heading-title elementor-size-default\"><a href=\"\/\/mikrobiologija.vet.bg.ac.rs\/wp-content\/uploads\/2024\/01\/\u0422\u0435\u0440\u043c\u0438\u043d\u0438-\u043a\u043e\u043d\u0441\u0443\u043b\u0442\u0430\u0446\u0438\u0458\u0430-\u0438\u0437-\u043f\u0440\u0435\u0434\u043c\u0435\u0442\u0430-\u041c\u0438\u043a\u0440\u043e\u0431\u0438\u043e\u043b\u043e\u0433\u0438\u0458\u0430-\u0441\u0430-\u0438\u043c\u0443\u043d\u043e\u043b\u043e\u0433\u0438\u0458\u043e\u043c-\u0438-\u041c\u0438\u043a\u0440\u043e\u0431\u0438\u043e\u043b\u043e\u0433\u0438\u0458\u0430-\u0441\u0430-\u0438\u043c\u0443\u043d\u043e\u043b\u043e\u0433\u0438\u0458\u043e\u043c-1-\u0438-2-1.pdf\" target=\"_blank\">Termini konsultacija iz Mikrobiologije sa imunologijom i Mikrobiologije sa imunologijom 1 i 2 <\/a><\/h2>\t\t<\/div>\n\t\t\t\t<\/div>\n\t\t\t\t\t<\/div>\n\t\t<\/div>\n\t\t\t\t\t\t\t<\/div>\n\t\t<\/section>\n\t\t\t\t\t<\/div>\n\t\t<\/div>\n\t\t\t\t\t\t\t<\/div>\n\t\t<\/section>\n\t\t\t\t<section class=\"elementor-section elementor-top-section elementor-element elementor-element-2695eb07 elementor-section-boxed elementor-section-height-default elementor-section-height-default\" data-id=\"2695eb07\" data-element_type=\"section\" data-settings=\"{&quot;background_background&quot;:&quot;classic&quot;}\">\n\t\t\t\t\t\t\t<div class=\"elementor-background-overlay\"><\/div>\n\t\t\t\t\t\t\t<div class=\"elementor-container elementor-column-gap-default\">\n\t\t\t\t\t<div class=\"elementor-column elementor-col-100 elementor-top-column elementor-element elementor-element-1746ab47 elementor-invisible\" data-id=\"1746ab47\" data-element_type=\"column\" data-settings=\"{&quot;animation&quot;:&quot;fadeIn&quot;}\">\n\t\t\t<div class=\"elementor-widget-wrap elementor-element-populated\">\n\t\t\t\t\t\t\t\t<div class=\"elementor-element elementor-element-6225498 elementor-invisible elementor-widget elementor-widget-heading\" data-id=\"6225498\" data-element_type=\"widget\" data-settings=\"{&quot;_animation&quot;:&quot;fadeIn&quot;}\" data-widget_type=\"heading.default\">\n\t\t\t\t<div class=\"elementor-widget-container\">\n\t\t\t<h2 class=\"elementor-heading-title elementor-size-default\">kontakt<\/h2>\t\t<\/div>\n\t\t\t\t<\/div>\n\t\t\t\t<section class=\"elementor-section elementor-inner-section elementor-element elementor-element-0ebde77 elementor-section-full_width elementor-section-height-default elementor-section-height-default\" data-id=\"0ebde77\" data-element_type=\"section\">\n\t\t\t\t\t\t<div class=\"elementor-container elementor-column-gap-default\">\n\t\t\t\t\t<div class=\"elementor-column elementor-col-33 elementor-inner-column elementor-element elementor-element-0396428\" data-id=\"0396428\" data-element_type=\"column\">\n\t\t\t<div class=\"elementor-widget-wrap elementor-element-populated\">\n\t\t\t\t\t\t\t\t<div class=\"elementor-element elementor-element-802d6f0 elementor-widget elementor-widget-text-editor\" data-id=\"802d6f0\" data-element_type=\"widget\" data-widget_type=\"text-editor.default\">\n\t\t\t\t<div class=\"elementor-widget-container\">\n\t\t\t<style>\/*! elementor - v3.6.0 - 21-03-2022 *\/\n.elementor-widget-text-editor.elementor-drop-cap-view-stacked .elementor-drop-cap{background-color:#818a91;color:#fff}.elementor-widget-text-editor.elementor-drop-cap-view-framed .elementor-drop-cap{color:#818a91;border:3px solid;background-color:transparent}.elementor-widget-text-editor:not(.elementor-drop-cap-view-default) .elementor-drop-cap{margin-top:8px}.elementor-widget-text-editor:not(.elementor-drop-cap-view-default) .elementor-drop-cap-letter{width:1em;height:1em}.elementor-widget-text-editor .elementor-drop-cap{float:left;text-align:center;line-height:1;font-size:50px}.elementor-widget-text-editor .elementor-drop-cap-letter{display:inline-block}<\/style>\t\t\t\t<p style=\"text-align: left;\"><span style=\"text-decoration: underline; color: #f4e8c1;\">Katedra za mikrobiologiju<\/span><\/p>\n<p style=\"text-align: left;\"><br><\/p>\n<p style=\"text-align: left;\"><br><\/p>\n<p style=\"text-align: left;\"><span style=\"text-decoration: underline; color: #f4e8c1;\">Fakultet veterinarske medicine, Univerzitet u Beogradu<\/span><\/p>\n<p style=\"text-align: left;\"><span style=\"text-decoration: underline; color: #f4e8c1;\"><br><\/span><\/p>\n<p style=\"text-align: left;\"><br><\/p>\n<p style=\"text-align: left;\"><span style=\"color: #f4e8c1; text-decoration-line: underline;\">Bulevar Oslobo\u0111enja 18<\/span><\/p>\n<p style=\"text-align: left;\"><span style=\"text-decoration: underline; color: #f4e8c1;\">11000 Beograd, Republika Srbija<\/span><\/p>\n<p style=\"text-align: left;\"><br><\/p>\n<p style=\"text-align: left;\"><br><\/p>\n<p style=\"text-align: left;\"><span style=\"text-decoration: underline; color: #f4e8c1;\">E-mail: mikrobiologijafvm@gmail.com<\/span><\/p>\n<p style=\"text-align: left;\"><br><\/p><p style=\"text-align: left;\"><br><\/p>\n<p style=\"text-align: left;\"><span style=\"text-decoration: underline; color: #f4e8c1;\">Telefon: +381 11 2685 744<\/span><\/p>\n<p style=\"text-align: left;\">\n<\/p>\t\t\t\t\t\t<\/div>\n\t\t\t\t<\/div>\n\t\t\t\t\t<\/div>\n\t\t<\/div>\n\t\t\t\t<div class=\"elementor-column elementor-col-66 elementor-inner-column elementor-element elementor-element-32f9167\" data-id=\"32f9167\" data-element_type=\"column\">\n\t\t\t<div class=\"elementor-widget-wrap elementor-element-populated\">\n\t\t\t\t\t\t\t\t<div class=\"elementor-element elementor-element-82cd43d elementor-widget elementor-widget-google_maps\" data-id=\"82cd43d\" data-element_type=\"widget\" data-widget_type=\"google_maps.default\">\n\t\t\t\t<div class=\"elementor-widget-container\">\n\t\t\t<style>\/*! elementor - v3.6.0 - 21-03-2022 *\/\n.elementor-widget-google_maps .elementor-widget-container{overflow:hidden}.elementor-widget-google_maps iframe{height:300px}<\/style>\t\t<div class=\"elementor-custom-embed\">\n\t\t\t<iframe frameborder=\"0\" scrolling=\"no\" marginheight=\"0\" marginwidth=\"0\"\n\t\t\t\t\tsrc=\"https:\/\/maps.google.com\/maps?q=Fakultet%20veterinarske%20medicine%2C%20belgrad&#038;t=m&#038;z=10&#038;output=embed&#038;iwloc=near\"\n\t\t\t\t\ttitle=\"Fakultet veterinarske medicine, belgrad\"\n\t\t\t\t\taria-label=\"Fakultet veterinarske medicine, belgrad\"\n\t\t\t><\/iframe>\n\t\t<\/div>\n\t\t\t\t<\/div>\n\t\t\t\t<\/div>\n\t\t\t\t\t<\/div>\n\t\t<\/div>\n\t\t\t\t\t\t\t<\/div>\n\t\t<\/section>\n\t\t\t\t\t<\/div>\n\t\t<\/div>\n\t\t\t\t\t\t\t<\/div>\n\t\t<\/section>\n\t\t\t\t\t\t\t<\/div>\n\t\t","protected":false},"excerpt":{"rendered":"<p>KATEDRA ZA MIKROBIOLOGIJU USLUGE Laboratorija za ribe OBAVE\u0160TENJA Rezultati prvog kolokvijuma iz Mikrobiologije sa imunologijom 1 Termini za polaganje ispita iz Mikrobiologije sa imunologijom i Mikrobiologije sa imunologijom 1 i 2 u Novembarskom ispitnom roku (apsolventi) VA\u017dNO OBAVE\u0160TENJE &#8211; PROMENA&#8230;<\/p>\n","protected":false},"author":2,"featured_media":0,"parent":0,"menu_order":0,"comment_status":"closed","ping_status":"closed","template":"elementor_header_footer","meta":{"footnotes":""},"_links":{"self":[{"href":"https:\/\/mikrobiologija.vet.bg.ac.rs\/index.php\/wp-json\/wp\/v2\/pages\/187"}],"collection":[{"href":"https:\/\/mikrobiologija.vet.bg.ac.rs\/index.php\/wp-json\/wp\/v2\/pages"}],"about":[{"href":"https:\/\/mikrobiologija.vet.bg.ac.rs\/index.php\/wp-json\/wp\/v2\/types\/page"}],"author":[{"embeddable":true,"href":"https:\/\/mikrobiologija.vet.bg.ac.rs\/index.php\/wp-json\/wp\/v2\/users\/2"}],"replies":[{"embeddable":true,"href":"https:\/\/mikrobiologija.vet.bg.ac.rs\/index.php\/wp-json\/wp\/v2\/comments?post=187"}],"version-history":[{"count":0,"href":"https:\/\/mikrobiologija.vet.bg.ac.rs\/index.php\/wp-json\/wp\/v2\/pages\/187\/revisions"}],"wp:attachment":[{"href":"https:\/\/mikrobiologija.vet.bg.ac.rs\/index.php\/wp-json\/wp\/v2\/media?parent=187"}],"curies":[{"name":"wp","href":"https:\/\/api.w.org\/{rel}","templated":true}]}}